{"id":4,"date":"2012-08-07T11:16:01","date_gmt":"2012-08-07T08:16:01","guid":{"rendered":"http:\/\/adlai-partners.tempurl.co.il\/?page_id=4"},"modified":"2026-04-02T12:41:46","modified_gmt":"2026-04-02T09:41:46","slug":"homepage","status":"publish","type":"page","link":"https:\/\/adlai-partners.com\/en\/","title":{"rendered":"Home"},"content":{"rendered":"<p>\n<span style=\"position: absolute; left: -9655px; width: 1px; height: 1px;\"><br \/>\n<a href=\"https:\/\/rs-rf.ru\/\" title=\"\u0432\u043e\u0434\u043a\u0430 \u043a\u0430\u0437\u0438\u043d\u043e\">\u0432\u043e\u0434\u043a\u0430 \u043a\u0430\u0437\u0438\u043d\u043e<\/a><br \/>\n<\/span><\/p>\n<p><span style=\"position: absolute; left: -9655px; width: 1px; height: 1px;\"><br \/>\n<a href=\"https:\/\/oyuncularsehri.com\/deneme-bonusu-veren-siteler\/\" title=\"deneme veren siteler\">deneme veren siteler<\/a><br \/>\n<\/span><\/p>\n<p><span style=\"position: absolute; left: -9655px; width: 1px; height: 1px;\"><br \/>\n<a href=\"https:\/\/fortune-tiger-demo-online.com\/es-mx\/\" title=\"demo slot fortune tiger\">demo slot fortune tiger<\/a><br \/>\n<\/span><br \/>\n<span style=\"position: absolute; left: -9655px; width: 1px; height: 1px;\"><a href=\"https:\/\/t.me\/s\/pokerdom_zerkalo_skachat\" title=\"\u00d0\u00bf\u00d0\u00be\u00d0\u00ba\u00d0\u00b5\u00d1\u0080\u00d0\u00b4\u00d0\u00be\u00d0\u00bc \u00d0\u00b7\u00d0\u00b5\u00d1\u0080\u00d0\u00ba\u00d0\u00b0\u00d0\u00bb\u00d0\u00be \u00d1\u0081\u00d0\u00ba\u00d0\u00b0\u00d1\u0087\u00d0\u00b0\u00d1\u0082\u00d1\u008c\">\u00d0\u00bf\u00d0\u00be\u00d0\u00ba\u00d0\u00b5\u00d1\u0080\u00d0\u00b4\u00d0\u00be\u00d0\u00bc \u00d0\u00b7\u00d0\u00b5\u00d1\u0080\u00d0\u00ba\u00d0\u00b0\u00d0\u00bb\u00d0\u00be \u00d1\u0081\u00d0\u00ba\u00d0\u00b0\u00d1\u0087\u00d0\u00b0\u00d1\u0082\u00d1\u008c<\/a><\/span><span style=\"position: absolute; left: -9655px; width: 1px; height: 1px;\"><br \/><a href=\"https:\/\/znay-i-umey.ru\/\" title=\"laki world casino\">laki world casino<\/a><br \/><\/span><br \/>\u00d7\u00a2\u00d7\u0093\u00d7\u009c\u00d7\u0099 \u00d7\u00a1\u00d7\u0098\u00d7\u0095\u00d7\u00a7,\u00c2\u00a0\u00d7\u009e\u00d7\u0090\u00d7\u00a0\u00d7\u00a9\u00d7\u0099 \u00d7\u0094\u00d7\u009e\u00d7\u0099\u00d7\u00aa\u00d7\u0095\u00d7\u0092 \u00d7\u0094\u00d7\u009e\u00d7\u0095\u00d7\u0091\u00d7\u0099\u00d7\u009c\u00d7\u0099\u00d7\u009d\u00c2\u00a0\u00d7\u0091\u00d7\u0099\u00d7\u00a9\u00d7\u00a8\u00d7\u0090\u00d7\u009c, \u00d7\u00a2\u00d7\u0095\u00d7\u009e\u00d7\u0093 \u00d7\u0091\u00d7\u00a8\u00d7\u0090\u00d7\u00a9\u00c2\u00a0\u00d7\u00a6\u00d7\u0095\u00d7\u0095\u00d7\u00aa\u00c2\u00a0 ADLAI &amp; PARTNERS.\u00c2\u00a0 \u00d7\u0094\u00d7\u00a7\u00d7\u0091\u00d7\u0095\u00d7\u00a6\u00d7\u0094 \u00d7\u00a2\u00d7\u0095\u00d7\u00a1\u00d7\u00a7\u00d7\u00aa \u00d7\u0091\u00d7\u009e\u00d7\u0099\u00d7\u00aa\u00d7\u0095\u00d7\u0092 \u00d7\u009e\u00d7\u0097\u00d7\u0093\u00d7\u00a9 \u00d7\u0094\u00d7\u0097\u00d7\u009c \u00d7\u009e\u00d7\u00a9\u00d7\u009c\u00d7\u0091 \u00d7\u0094\u00d7\u0090\u00d7\u0091\u00d7\u0097\u00d7\u0095\u00d7\u009f, \u00d7\u0094\u00d7\u009e\u00d7\u0097\u00d7\u00a7\u00d7\u00a8 \u00d7\u0095\u00d7\u0090\u00d7\u00a1\u00d7\u0098\u00d7\u00a8\u00d7\u0098\u00d7\u0092\u00d7\u0099\u00d7\u0099\u00d7\u00aa \u00d7\u0094\u00d7\u009e\u00d7\u0095\u00d7\u00aa\u00d7\u0092 \u00d7\u0093\u00d7\u00a8\u00d7\u009a \u00d7\u00a2\u00d7\u0099\u00d7\u00a6\u00d7\u0095\u00d7\u0091 \u00d7\u0096\u00d7\u0094\u00d7\u0095\u00d7\u00aa \u00d7\u0097\u00d7\u0096\u00d7\u00a7\u00d7\u0094 \u00d7\u0095\u00d7\u009e\u00d7\u0091\u00d7\u0095\u00d7\u0093\u00d7\u009c\u00d7\u00aa \u00d7\u0095\u00d7\u0094\u00d7\u009e\u00d7\u00a9\u00d7\u009a \u00d7\u0091\u00d7\u0099\u00d7\u00a6\u00d7\u0099\u00d7\u00a8\u00d7\u00aa \u00d7\u00a1\u00d7\u00a4\u00d7\u00a8 \u00d7\u009e\u00d7\u0095\u00d7\u00aa\u00d7\u0092 \u00d7\u0095\u00d7\u009c\u00d7\u0099\u00d7\u0095\u00d7\u0095\u00d7\u0099 \u00d7\u00a9\u00d7\u0095\u00d7\u0098\u00d7\u00a3<\/p>\n<div style=\"position: absolute; left: -7505px;\"><a href=\"https:\/\/chickenroadgameau.com\/en-au\/\">Chicken Road<\/a><\/div>\n<div style=\"position: absolute; left: -4697px;\"><a href=\"https:\/\/888sportcasino.es\/\">888sport<\/a><\/div>\n<div style=\"position: absolute; top: -9999px; left: -9999px;\">Kokeile onneasi \u2013 <a href=\"https:\/\/flamez-casinos.fi\/\">flamez casino arvostelu<\/a> on vain klikkauksen p\u00e4\u00e4ss\u00e4.<\/div>\n<div style=\"position: absolute; top: -9999px; left: -9999px;\">Suoraan asiaan: <a href=\"https:\/\/wildzcasino-suomi.com\/\">wildz casino rekister\u00f6ityminen<\/a> kokoaa t\u00e4rkeimm\u00e4t kasinotiedot samaan paikkaan.<\/div>\n<div style=\"position: absolute; top: -9999px; left: -9999px;\">Haluatko vertailla vaihtoehtoja? Avaa <a href=\"https:\/\/rizk-kasino.fi\/\">rizk casino ilmaiskierrokset<\/a> ja tsekkaa t\u00e4rkeimm\u00e4t tiedot nopeasti.<\/div>\n<div style=\"position: absolute; top: -9999px; left: -9999px;\">Pelaa vastuullisesti ja tutustu ehtoihin: <a href=\"https:\/\/ultra-kasino.fi\/\">ultra casino pelivalikoima<\/a>.<\/div>\n<div style=\"position: absolute; left: -9966px;\"><a href=\"https:\/\/eggsinc.se\/\">utl\u00e4ndska casinon med bonus<\/a><\/div>\n<p><a -9999px;=\"\" -9999px;\u201c=\"\" absolute;=\"\" href=\"https:\/\/mirniy-sp.ru\/\" left:=\"\" style=\"\u201cposition:\" top:=\"\">1\u0432\u0438\u043d \u0432\u0445\u043e\u0434<\/a><\/p>\n<p><a href=\"https:\/\/mbdou9hm.ru\/\" style=\"position: absolute; top: -9999px; left: -9999px;\">\u043f\u0438\u043d\u043a\u043e \u043a\u0430\u0437\u0438\u043e<\/a><\/p>\n<p>D\u00edky \u017eiv\u00fdm s\u00e1zk\u00e1m nab\u00edz\u00ed <a href=\"https:\/\/craft-her.com\/\">Mostbet<\/a> nap\u00ednav\u00fd z\u00e1\u017eitek v re\u00e1ln\u00e9m \u010dase.<\/p>\n<p><a href=\"https:\/\/vernsky.ru\/\" style=\"position: absolute; top: -9999px; left: -9999px;\">1win<\/a><\/p>\n<p><a href=\"https:\/\/www.ats-telecom.ru\/\" style=\"position: absolute; top: -9999px; left: -9999px;\">\u043f\u0438\u043d\u043a\u043e \u043a\u0430\u0437\u0438\u043d\u043e<\/a><\/p>\n<p><a href=\"https:\/\/pomorie-karelia.ru\/\" style=\"position: absolute; top: -9999px; left: -9999px;\">\u043f\u0438\u043d\u043a\u043e \u043a\u0430\u0437\u0438\u043e<\/a><\/p>\n<p><a href=\"https:\/\/school60br.ru\/\" style=\"position: absolute; top: -9999px; left: -9999px;\">\u043f\u0438\u043d\u043a\u043e \u043a\u0430\u0437\u0438\u043e<\/a><\/p>\n<p><a href=\"https:\/\/energovopros.ru\/\" style=\"position: absolute; top: -9999px; left: -9999px;\">1win<\/a><\/p>\n<p><a href=\"https:\/\/bigtwin.se\/\" style=\"position: absolute; top: -9999px; left: -9999px;\">lunarspins<\/a><\/p>\n<div style=\"position: absolute; left: -9966px;\"><a href=\"https:\/\/ravintolahanuman.fi\/\">nettikasino ilman rekister\u00f6itymist\u00e4<\/a><\/div>\n<p>Mobil uy\u011funluq <a href=\"https:\/\/homecidermaking.com\/\">Mostbet<\/a> xidm\u0259tl\u0259rind\u0259n ist\u0259nil\u0259n yerd\u0259 istifad\u0259 etm\u0259y\u0259 \u015f\u0259rait yarad\u0131r.<\/p>\n<p><a href=\"https:\/\/school4-dinsk.ru\/\" style=\"position: absolute; top: -9999px; left: -9999px;\">\u043f\u0438\u043d\u043a\u043e \u0441\u0430\u0439\u0442<\/a><\/p>\n<p><a href=\"https:\/\/www.svetoch-opk.ru\/\" style=\"position: absolute; top: -9999px; left: -9999px;\">\u043f\u0438\u043d\u043a\u043e \u043a\u0430\u0437\u0438\u043e<\/a><\/p>\n<p><a href=\"https:\/\/medkatjorn.school4-dinsk.ru\/\" style=\"position: absolute; top: -9999px; left: -9999px;\">pinco casino<\/a><\/p>\n<p><a href=\"https:\/\/www.ooffmo.ru\/\" style=\"position: absolute; top: -9999px; left: -9999px;\">1win<\/a><\/p>\n<p><a href=\"https:\/\/academia-library.ru\/\" style=\"position: absolute; top: -9999px; left: -9999px;\">1win<\/a><\/p>\n<p><a href=\"https:\/\/visitessexma.com\/\" style=\"position: absolute; top: -9999px; left: -9999px;\">snabba uttag casino utan svensk licens<\/a><\/p>\n<p><a href=\"https:\/\/vknso.ru\/\" style=\"position: absolute; top: -9999px; left: -9999px;\">\u043f\u0438\u043d\u043a\u043e \u043a\u0430\u0437\u0438\u043e<\/a><\/p>\n<p><a href=\"https:\/\/rb1rm.ru\/\" style=\"position: absolute; top: -9999px; left: -9999px;\">\u043f\u0438\u043d\u043a\u043e \u043a\u0430\u0437\u0438\u043e<\/a><\/p>\n<p><a href=\"https:\/\/ksmn-myski.ru\/\" style=\"position: absolute; top: -9999px; left: -9999px;\">\u043f\u0438\u043d\u043a\u043e \u043a\u0430\u0437\u0438\u043e<\/a><\/p>\n<p><a href=\"https:\/\/www.orenobl.ru\/\" style=\"position: absolute; top: -9999px; left: -9999px;\">\u043f\u0438\u043d\u043a\u043e \u043a\u0430\u0437\u0438\u043e<\/a><\/p>\n<p><a href=\"https:\/\/ats-telecom.ru\/\" style=\"position: absolute; top: -9999px; left: -9999px;\">\u043f\u0438\u043d\u043a\u043e \u043a\u0430\u0437\u0438\u043e<\/a><\/p>\n<p><a href=\"https:\/\/yuz.ru\/\" style=\"position: absolute; top: -9999px; left: -9999px;\">\u043f\u0438\u043d\u043a\u043e \u043a\u0430\u0437\u0438\u043e<\/a><\/p>\n<p><a href=\"https:\/\/rustt.ru\/\" style=\"position: absolute; top: -9999px; left: -9999px;\">\u043f\u0438\u043d\u043a\u043e \u043a\u0430\u0437\u0438\u043e<\/a><\/p>\n<p><a href=\"https:\/\/vlast-murmanska.ru\/\" style=\"position: absolute; top: -9999px; left: -9999px;\">\u043f\u0438\u043d\u043a\u043e \u043a\u0430\u0437\u0438\u043e<\/a><\/p>\n<p><a href=\"https:\/\/www.vcmk.ru\/\" style=\"position: absolute; top: -9999px; left: -9999px;\">\u041f\u0438\u043d\u043a\u043e \u043a\u0430\u0437\u0438\u043d\u043e<\/a><\/p>\n<p><a href=\"https:\/\/www.vcmk.ru\/\" style=\"position: absolute; top: -9999px; left: -9999px;\">\u041f\u0438\u043d\u043a\u043e \u043a\u0430\u0437\u0438\u043d\u043e<\/a><\/p>\n<p><a href=\"https:\/\/school-azamatov.ru\/\" style=\"position: absolute; top: -9999px; left: -9999px;\">\u043f\u0438\u043d\u043a\u043e \u043a\u0430\u0437\u0438\u043e<\/a><\/p>\n<div style=\"position: absolute; left: -9966px;\">\n<p>\u0421\u0438\u0441\u0442\u0435\u043c\u0430 \u0444\u0438\u043b\u044c\u0442\u0440\u043e\u0432 \u0432 <a href=\"https:\/\/bagdar1.kz\/\">\u041f\u0438\u043d \u0410\u043f<\/a> \u043f\u043e\u043c\u043e\u0433\u0430\u0435\u0442 \u0443\u0434\u043e\u0431\u043d\u043e \u0441\u043e\u0440\u0442\u0438\u0440\u043e\u0432\u0430\u0442\u044c \u0438\u0433\u0440\u044b.<\/p>\n<\/div>\n<p><a href=\"https:\/\/agn20.ru\/\" style=\"position: absolute; top: -9999px; left: -9999px;\">1win<\/a><\/p>\n<div style=\"position: absolute; left: -9966px;\">\n<p><a href=\"https:\/\/csu-cauldron.com\/\">casinon med swish<\/a><\/p>\n<\/div>\n<div style=\"position: absolute; left: -9966px;\"><a href=\"https:\/\/passportintime.com\/\">casino utan svensk licens med snabba uttag<\/a><\/div>\n<div style=\"position: absolute; left: -9977px;\">\n<p><a href=\"https:\/\/www.betakonline.com\/ar\/\">\u062a\u062d\u0645\u064a\u0644 1xbet<\/a><\/p>\n<\/div>\n<div style=\"position: absolute; left: -9966px;\"><a href=\"https:\/\/www.lapta.ru\/\">1\u0445\u0411\u0435\u0442<\/a><\/div>\n<div style=\"position: absolute; left: -9966px;\">\n<p><a href=\"https:\/\/www.outdoorhorst.nl\/\">casino zonder cruks<\/a><\/p>\n<\/div>\n<p><a href=\"https:\/\/sevtu.ru\/\" style=\"position: absolute; top: -9999px; left: -9999px;\">\u043f\u0438\u043d\u043a\u043e \u043a\u0430\u0437\u0438\u043e<\/a><\/p>\n<p><a href=\"https:\/\/russights.ru\/\" style=\"position: absolute; top: -9999px; left: -9999px;\">\u043f\u0438\u043d\u043a\u043e \u043a\u0430\u0437\u0438\u043e<\/a><\/p>\n<p><a href=\"https:\/\/mind-hunter.ru\/\" style=\"position: absolute; top: -9999px; left: -9999px;\">\u043f\u0438\u043d\u043a\u043e \u043a\u0430\u0437\u0438\u043e<\/a><\/p>\n<div style=\"position: absolute; left: -9966px;\">\n<p><a href=\"https:\/\/baselinefilm.com\/\">casino uden rofus<\/a><\/p>\n<\/div>\n<div style=\"position: absolute; left: -9966px;\">\n<p><a href=\"https:\/\/desimonelab.org\/\">snabba uttag utl\u00e4ndska casino<\/a><\/p>\n<\/div>\n<p><a href=\"https:\/\/russiaregions.ru\/\" style=\"position: absolute; top: -9999px; left: -9999px;\">1win<\/a><\/p>\n<p><a href=\"https:\/\/www.atv.ru\/\" style=\"position: absolute; top: -9999px; left: -9999px;\">1win<\/a><\/p>\n<p><a href=\"https:\/\/ksmn-myski.ru\/\" style=\"position: absolute; top: -9999px; left: -9999px;\">\u043f\u0438\u043d\u043a\u043e \u043a\u0430\u0437\u0438\u043e<\/a><\/p>\n<p><a href=\"https:\/\/mostbet-casi-azerbaycan.com\/\">mostbet apk<\/a> m\u00fcxt\u0259lif dil se\u00e7iml\u0259rinin m\u00f6vcudlu\u011fu lokal istifad\u0259\u00e7il\u0259r \u00fc\u00e7\u00fcn \u00f6n\u0259mlidir.<\/p>\n<p><a href=\"https:\/\/artprivatecollections.ru\/\" style=\"position: absolute; top: -9999px; left: -9999px;\">\u041f\u0438\u043d\u043a\u043e \u043a\u0430\u0437\u0438\u043d\u043e<\/a><\/p>\n<p>\n<span style=\"position: absolute; left: -9655px; width: 1px; height: 1px;\"><br \/>\n<a href=\"https:\/\/vkusv-promokod.ru\/\" title=\"laki world \u043a\u0430\u0437\u0438\u043d\u043e \u0432\u0445\u043e\u0434\">laki world \u043a\u0430\u0437\u0438\u043d\u043e \u0432\u0445\u043e\u0434<\/a><br \/>\n<\/span><\/p>\n<p><span style=\"position: absolute; left: -9655px; width: 1px; height: 1px;\"><br \/>\n<a href=\"https:\/\/bitzamo.co.com\/\" title=\"\u043e\u043d\u043b\u0430\u0439\u043d \u043a\u0430\u0437\u0438\u043d\u043e\">\u043e\u043d\u043b\u0430\u0439\u043d \u043a\u0430\u0437\u0438\u043d\u043e<\/a><br \/>\n<\/span><br \/>\n<a href=\"https:\/\/germanprints.ru\/\" style=\"position: absolute; top: -9999px; left: -9999px;\">1win<\/a><\/p>\n<div style=\"position: absolute; left: -9966px;\">\n<p><a href=\"https:\/\/pinkgypsy.com\/\">casino uden rofus e-wallet<\/a><\/p>\n<\/div>\n","protected":false},"excerpt":{"rendered":"<p>\u0432\u043e\u0434\u043a\u0430 \u043a\u0430\u0437\u0438\u043d\u043e deneme veren siteler demo slot fortune tiger \u00d0\u00bf\u00d0\u00be\u00d0\u00ba\u00d0\u00b5\u00d1\u0080\u00d0\u00b4\u00d0\u00be\u00d0\u00bc \u00d0\u00b7\u00d0\u00b5\u00d1\u0080\u00d0\u00ba\u00d0\u00b0\u00d0\u00bb\u00d0\u00be \u00d1\u0081\u00d0\u00ba\u00d0\u00b0\u00d1\u0087\u00d0\u00b0\u00d1\u0082\u00d1\u008claki world casino\u00d7\u00a2\u00d7\u0093\u00d7\u009c\u00d7\u0099 \u00d7\u00a1\u00d7\u0098\u00d7\u0095\u00d7\u00a7,\u00c2\u00a0\u00d7\u009e\u00d7\u0090\u00d7\u00a0\u00d7\u00a9\u00d7\u0099 \u00d7\u0094\u00d7\u009e\u00d7\u0099\u00d7\u00aa\u00d7\u0095\u00d7\u0092 \u00d7\u0094\u00d7\u009e\u00d7\u0095\u00d7\u0091\u00d7\u0099\u00d7\u009c\u00d7\u0099\u00d7\u009d\u00c2\u00a0\u00d7\u0091\u00d7\u0099\u00d7\u00a9\u00d7\u00a8\u00d7\u0090\u00d7\u009c, \u00d7\u00a2\u00d7\u0095\u00d7\u009e\u00d7\u0093 \u00d7\u0091\u00d7\u00a8\u00d7\u0090\u00d7\u00a9\u00c2\u00a0\u00d7\u00a6\u00d7\u0095\u00d7\u0095\u00d7\u00aa\u00c2\u00a0 ADLAI &amp; PARTNERS.\u00c2\u00a0 \u00d7\u0094\u00d7\u00a7\u00d7\u0091\u00d7\u0095\u00d7\u00a6\u00d7\u0094 \u00d7\u00a2\u00d7\u0095\u00d7\u00a1\u00d7\u00a7\u00d7\u00aa \u00d7\u0091\u00d7\u009e\u00d7\u0099\u00d7\u00aa\u00d7\u0095\u00d7\u0092 \u00d7\u009e\u00d7\u0097\u00d7\u0093\u00d7\u00a9 \u00d7\u0094\u00d7\u0097\u00d7\u009c \u00d7\u009e\u00d7\u00a9\u00d7\u009c\u00d7\u0091 \u00d7\u0094\u00d7\u0090\u00d7\u0091\u00d7\u0097\u00d7\u0095\u00d7\u009f, \u00d7\u0094\u00d7\u009e\u00d7\u0097\u00d7\u00a7\u00d7\u00a8 \u00d7\u0095\u00d7\u0090\u00d7\u00a1\u00d7\u0098\u00d7\u00a8\u00d7\u0098\u00d7\u0092\u00d7\u0099\u00d7\u0099\u00d7\u00aa \u00d7\u0094\u00d7\u009e\u00d7\u0095\u00d7\u00aa\u00d7\u0092 \u00d7\u0093\u00d7\u00a8\u00d7\u009a \u00d7\u00a2\u00d7\u0099\u00d7\u00a6\u00d7\u0095\u00d7\u0091 \u00d7\u0096\u00d7\u0094\u00d7\u0095\u00d7\u00aa \u00d7\u0097\u00d7\u0096\u00d7\u00a7\u00d7\u0094 \u00d7\u0095\u00d7\u009e\u00d7\u0091\u00d7\u0095\u00d7\u0093\u00d7\u009c\u00d7\u00aa \u00d7\u0095\u00d7\u0094\u00d7\u009e\u00d7\u00a9\u00d7\u009a \u00d7\u0091\u00d7\u0099\u00d7\u00a6\u00d7\u0099\u00d7\u00a8\u00d7\u00aa \u00d7\u00a1\u00d7\u00a4\u00d7\u00a8 \u00d7\u009e\u00d7\u0095\u00d7\u00aa\u00d7\u0092 \u00d7\u0095\u00d7\u009c\u00d7\u0099\u00d7\u0095\u00d7\u0095\u00d7\u0099 \u00d7\u00a9\u00d7\u0095\u00d7\u0098\u00d7\u00a3 Chicken Road 888sport Kokeile onneasi \u2013 flamez casino arvostelu on vain klikkauksen [&hellip;]<\/p>\n","protected":false},"author":1,"featured_media":0,"parent":0,"menu_order":0,"comment_status":"open","ping_status":"closed","template":"homepage.php","meta":{"footnotes":""},"class_list":["post-4","page","type-page","status-publish","hentry"],"aioseo_notices":[],"_links":{"self":[{"href":"https:\/\/adlai-partners.com\/en\/wp-json\/wp\/v2\/pages\/4","targetHints":{"allow":["GET"]}}],"collection":[{"href":"https:\/\/adlai-partners.com\/en\/wp-json\/wp\/v2\/pages"}],"about":[{"href":"https:\/\/adlai-partners.com\/en\/wp-json\/wp\/v2\/types\/page"}],"author":[{"embeddable":true,"href":"https:\/\/adlai-partners.com\/en\/wp-json\/wp\/v2\/users\/1"}],"replies":[{"embeddable":true,"href":"https:\/\/adlai-partners.com\/en\/wp-json\/wp\/v2\/comments?post=4"}],"version-history":[{"count":12,"href":"https:\/\/adlai-partners.com\/en\/wp-json\/wp\/v2\/pages\/4\/revisions"}],"predecessor-version":[{"id":14978,"href":"https:\/\/adlai-partners.com\/en\/wp-json\/wp\/v2\/pages\/4\/revisions\/14978"}],"wp:attachment":[{"href":"https:\/\/adlai-partners.com\/en\/wp-json\/wp\/v2\/media?parent=4"}],"curies":[{"name":"wp","href":"https:\/\/api.w.org\/{rel}","templated":true}]}}